{"id":49,"date":"2018-06-01T20:56:27","date_gmt":"2018-06-01T23:56:27","guid":{"rendered":"http:\/\/novapercepcao2.hospedagemdesites.ws\/blog\/?page_id=49"},"modified":"2021-03-20T21:57:42","modified_gmt":"2021-03-21T00:57:42","slug":"automacao-comercial-industrial","status":"publish","type":"page","link":"https:\/\/www.prosett.com.br\/?page_id=49","title":{"rendered":"MANUTEN\u00c7\u00c3O PREDIAL"},"content":{"rendered":"\n<p><span class=\"st\"><em>Projeto<\/em> e execu\u00e7\u00e3o de instala\u00e7\u00f5es <em>el\u00e9tricas<\/em><\/span><\/p>\n\n\n\n<!--more-->\n\n\n\n<div class=\"column full-width-section first\" style=\"text-align: left;\">&nbsp;<\/div>\n\n\n\n<div style=\"text-align: left;\">\n<div class=\"column full-width-section first\">\n<p>A <strong><span style=\"color: #000080;\">PROSETT <\/span><\/strong>\u00e9 hoje uma das maiores empresas, com Engenheiros Projetistas em Bras\u00edlia, realizando projetos tanto para no segmento comercial e industrial.<\/p>\n<\/div>\n<p>&nbsp;<\/p>\n<div class=\"column full-width-section first\">\n<p>Contamos com uma excelente infraestrutura e com os melhores profissionais do segmento. Com certeza voc\u00ea ficar\u00e1 surpreso com a qualidade de nossos servi\u00e7os e atendimento.<\/p>\n<p><br>Conhe\u00e7a mais <span style=\"color: #000080;\"><strong>PROSETT Engenharia e Manuten\u00e7\u00e3o<\/strong><\/span> e veja porque somos a empresa ideal para quem procura o que h\u00e1 de melhor em Projetos El\u00e9tricos no Distrito Federal.<\/p>\n<p>&nbsp;<\/p>\n<figure><img loading=\"lazy\" decoding=\"async\" class=\"size-medium wp-image-271 aligncenter\" src=\"http:\/\/www.prosett.com.br\/wp-content\/uploads\/2019\/08\/projetos-300x140.png\" alt=\"\" width=\"300\" height=\"140\" srcset=\"https:\/\/www.prosett.com.br\/wp-content\/uploads\/2019\/08\/projetos-300x140.png 300w, https:\/\/www.prosett.com.br\/wp-content\/uploads\/2019\/08\/projetos-642x300.png 642w, https:\/\/www.prosett.com.br\/wp-content\/uploads\/2019\/08\/projetos.png 667w\" sizes=\"auto, (max-width: 300px) 100vw, 300px\" \/><\/figure>\n<figure><img loading=\"lazy\" decoding=\"async\" class=\"size-medium wp-image-273 aligncenter\" src=\"http:\/\/www.prosett.com.br\/wp-content\/uploads\/2019\/08\/schematic-300x124.png\" alt=\"\" width=\"300\" height=\"124\" srcset=\"https:\/\/www.prosett.com.br\/wp-content\/uploads\/2019\/08\/schematic-300x124.png 300w, https:\/\/www.prosett.com.br\/wp-content\/uploads\/2019\/08\/schematic-768x318.png 768w, https:\/\/www.prosett.com.br\/wp-content\/uploads\/2019\/08\/schematic-1024x424.png 1024w, https:\/\/www.prosett.com.br\/wp-content\/uploads\/2019\/08\/schematic.png 1160w\" sizes=\"auto, (max-width: 300px) 100vw, 300px\" \/><\/figure>\n\n\n\n<div>&nbsp;<\/div>\n\n\n\n<div style=\"text-align: left;\">Entre em contato com a nossa equipe pelo chat ou pelo telefone <strong><span style=\"color: #000080;\">(61) 98122-7667<\/span><\/strong><\/div>\n","protected":false},"excerpt":{"rendered":"<p>Projeto e execu\u00e7\u00e3o de instala\u00e7\u00f5es el\u00e9tricas<\/p>\n","protected":false},"author":2,"featured_media":205,"parent":0,"menu_order":0,"comment_status":"closed","ping_status":"closed","template":"","meta":{"_exactmetrics_skip_tracking":false,"_exactmetrics_sitenote_active":false,"_exactmetrics_sitenote_note":"","_exactmetrics_sitenote_category":0,"footnotes":""},"class_list":["post-49","page","type-page","status-publish","has-post-thumbnail","hentry"],"_links":{"self":[{"href":"https:\/\/www.prosett.com.br\/index.php?rest_route=\/wp\/v2\/pages\/49","targetHints":{"allow":["GET"]}}],"collection":[{"href":"https:\/\/www.prosett.com.br\/index.php?rest_route=\/wp\/v2\/pages"}],"about":[{"href":"https:\/\/www.prosett.com.br\/index.php?rest_route=\/wp\/v2\/types\/page"}],"author":[{"embeddable":true,"href":"https:\/\/www.prosett.com.br\/index.php?rest_route=\/wp\/v2\/users\/2"}],"replies":[{"embeddable":true,"href":"https:\/\/www.prosett.com.br\/index.php?rest_route=%2Fwp%2Fv2%2Fcomments&post=49"}],"version-history":[{"count":16,"href":"https:\/\/www.prosett.com.br\/index.php?rest_route=\/wp\/v2\/pages\/49\/revisions"}],"predecessor-version":[{"id":300,"href":"https:\/\/www.prosett.com.br\/index.php?rest_route=\/wp\/v2\/pages\/49\/revisions\/300"}],"wp:featuredmedia":[{"embeddable":true,"href":"https:\/\/www.prosett.com.br\/index.php?rest_route=\/wp\/v2\/media\/205"}],"wp:attachment":[{"href":"https:\/\/www.prosett.com.br\/index.php?rest_route=%2Fwp%2Fv2%2Fmedia&parent=49"}],"curies":[{"name":"wp","href":"https:\/\/api.w.org\/{rel}","templated":true}]}}